{"id":2,"date":"2022-09-30T15:34:50","date_gmt":"2022-09-30T15:34:50","guid":{"rendered":"https:\/\/hosteriaaguascoloradas.com\/?page_id=2"},"modified":"2023-11-24T23:56:52","modified_gmt":"2023-11-24T23:56:52","slug":"servicios","status":"publish","type":"page","link":"https:\/\/hosteriaaguascoloradas.com\/index.php\/servicios\/","title":{"rendered":"Servicios"},"content":{"rendered":"<p>[et_pb_section fb_built=&#8221;1&#8243; _builder_version=&#8221;4.18.0&#8243; _module_preset=&#8221;default&#8221; background_image=&#8221;https:\/\/hosteriaaguascoloradas.com\/wp-content\/uploads\/2022\/12\/DJI_0400.webp&#8221; global_colors_info=&#8221;{}&#8221;][\/et_pb_section][et_pb_section fb_built=&#8221;1&#8243; _builder_version=&#8221;4.18.0&#8243; _module_preset=&#8221;default&#8221; custom_margin=&#8221;25px||||false|false&#8221; custom_padding=&#8221;||0px|||&#8221; global_colors_info=&#8221;{}&#8221;][et_pb_row _builder_version=&#8221;4.18.0&#8243; _module_preset=&#8221;default&#8221; custom_margin=&#8221;-58px|auto||auto||&#8221; global_colors_info=&#8221;{}&#8221;][et_pb_column type=&#8221;4_4&#8243; _builder_version=&#8221;4.18.0&#8243; _module_preset=&#8221;default&#8221; global_colors_info=&#8221;{}&#8221;][et_pb_text admin_label=&#8221;Discover Beatuty Title&#8221; _builder_version=&#8221;4.18.0&#8243; text_font=&#8221;||||&#8221; text_text_color=&#8221;#1a1a1a&#8221; header_font=&#8221;Oswald|on||on|&#8221; header_text_align=&#8221;right&#8221; header_font_size=&#8221;60px&#8221; header_line_height=&#8221;1.3em&#8221; animation_style=&#8221;slide&#8221; animation_direction=&#8221;top&#8221; animation_intensity_slide=&#8221;10%&#8221; global_colors_info=&#8221;{}&#8221;]<\/p>\n<h1 style=\"text-align: center;\">NUESTROS SERVICIOS<\/h1>\n<p>[\/et_pb_text][et_pb_text admin_label=&#8221;Discover Beatuty Sub Title&#8221; _builder_version=&#8221;4.18.0&#8243; text_font=&#8221;Roboto||||&#8221; text_text_color=&#8221;#1a1a1a&#8221; text_font_size=&#8221;24px&#8221; text_line_height=&#8221;1.4em&#8221; custom_padding=&#8221;|150px||150px|false|true&#8221; custom_padding_tablet=&#8221;|150px||150px|false|true&#8221; custom_padding_phone=&#8221;|0px||0px|false|true&#8221; custom_padding_last_edited=&#8221;on|desktop&#8221; animation_style=&#8221;slide&#8221; animation_direction=&#8221;top&#8221; animation_intensity_slide=&#8221;10%&#8221; global_colors_info=&#8221;{}&#8221;]<\/p>\n<p style=\"text-align: center;\"><span style=\"font-weight: 400;\">En la Hoster\u00eda vas a encontrar distintos servicios que har\u00e1n de tu experiencia en la Puna una aventura inolvidable.<\/span><\/p>\n<p>[\/et_pb_text][et_pb_divider color=&#8221;#ed4441&#8243; divider_position=&#8221;center&#8221; divider_weight=&#8221;3px&#8221; disabled_on=&#8221;off|off|off&#8221; _builder_version=&#8221;4.18.0&#8243; height=&#8221;false&#8221; animation_style=&#8221;slide&#8221; animation_direction=&#8221;top&#8221; animation_delay=&#8221;100ms&#8221; animation_intensity_slide=&#8221;10%&#8221; global_colors_info=&#8221;{}&#8221;][\/et_pb_divider][\/et_pb_column][\/et_pb_row][\/et_pb_section][et_pb_section fb_built=&#8221;1&#8243; _builder_version=&#8221;4.16&#8243; custom_padding=&#8221;0px||2px|||&#8221; global_colors_info=&#8221;{}&#8221;][et_pb_row column_structure=&#8221;1_2,1_2&#8243; _builder_version=&#8221;4.16&#8243; custom_padding=&#8221;||34px|||&#8221; global_colors_info=&#8221;{}&#8221;][et_pb_column type=&#8221;1_2&#8243; _builder_version=&#8221;4.16&#8243; custom_padding=&#8221;|||&#8221; global_colors_info=&#8221;{}&#8221; custom_padding__hover=&#8221;|||&#8221;][et_pb_blurb title=&#8221;Traslado desde el Aeropuerto&#8221; use_icon=&#8221;on&#8221; font_icon=&#8221;&#xf5b6;||fa||900&#8243; icon_color=&#8221;#a54f57&#8243; icon_placement=&#8221;left&#8221; image_icon_width=&#8221;25px&#8221; _builder_version=&#8221;4.18.0&#8243; _module_preset=&#8221;default&#8221; global_colors_info=&#8221;{}&#8221;]<\/p>\n<p><span style=\"font-weight: 400;\">Coordinamos remises para tu llegada desde el aeropuerto o hacia \u00e9l, as\u00ed vos pod\u00e9s pensar solo en descansar.<br \/><\/span><\/p>\n<p>[\/et_pb_blurb][et_pb_blurb title=&#8221;Desayuno Continental&#8221; use_icon=&#8221;on&#8221; font_icon=&#8221;&#xf7b6;||fa||900&#8243; icon_color=&#8221;#a54f57&#8243; icon_placement=&#8221;left&#8221; image_icon_width=&#8221;25px&#8221; _builder_version=&#8221;4.18.0&#8243; _module_preset=&#8221;default&#8221; global_colors_info=&#8221;{}&#8221;]<\/p>\n<p><span style=\"font-weight: 400;\">Servido en nuestro sal\u00f3n especialmente acondicionado y con una espectacular vista a los cerros. Pensado para que alimentes tu cuerpo y esp\u00edritu, y comiences tu d\u00eda con todas las pilas. <br \/><\/span><\/p>\n<p>[\/et_pb_blurb][\/et_pb_column][et_pb_column type=&#8221;1_2&#8243; _builder_version=&#8221;4.16&#8243; custom_padding=&#8221;|||&#8221; global_colors_info=&#8221;{}&#8221; custom_padding__hover=&#8221;|||&#8221;][et_pb_blurb title=&#8221;Transporte&#8221; use_icon=&#8221;on&#8221; font_icon=&#8221;&#xf84a;||fa||900&#8243; icon_color=&#8221;#a54f57&#8243; icon_placement=&#8221;left&#8221; image_icon_width=&#8221;25px&#8221; _builder_version=&#8221;4.18.0&#8243; _module_preset=&#8221;default&#8221; global_colors_info=&#8221;{}&#8221;]<\/p>\n<p><span style=\"font-weight: 400;\">Contamos con bicicletas preparadas para que puedas recorrer y disfrutar de la belleza de Purmamarca.<br \/><\/span><\/p>\n<p>[\/et_pb_blurb][et_pb_blurb title=&#8221;Desayuno para cel\u00edacos&#8221; use_icon=&#8221;on&#8221; font_icon=&#8221;&#xf299;||fa||400&#8243; icon_color=&#8221;#a54f57&#8243; icon_placement=&#8221;left&#8221; image_icon_width=&#8221;25px&#8221; _builder_version=&#8221;4.18.0&#8243; _module_preset=&#8221;default&#8221; global_colors_info=&#8221;{}&#8221;]<\/p>\n<p><span style=\"font-weight: 400;\">Cuid\u00e1 tu salud con alimentos sanos, sabrosos y sin TACC preparados por nuestros expertos en gastronom\u00eda.<\/span><\/p>\n<p>[\/et_pb_blurb][\/et_pb_column][\/et_pb_row][et_pb_row column_structure=&#8221;1_2,1_2&#8243; _builder_version=&#8221;4.18.0&#8243; _module_preset=&#8221;default&#8221; custom_padding=&#8221;1px|||||&#8221; global_colors_info=&#8221;{}&#8221;][et_pb_column type=&#8221;1_2&#8243; _builder_version=&#8221;4.18.0&#8243; _module_preset=&#8221;default&#8221; global_colors_info=&#8221;{}&#8221;][et_pb_blurb title=&#8221;Estacionamiento privado&#8221; use_icon=&#8221;on&#8221; font_icon=&#8221;&#xf540;||fa||900&#8243; icon_color=&#8221;#a54f57&#8243; icon_placement=&#8221;left&#8221; image_icon_width=&#8221;25px&#8221; _builder_version=&#8221;4.18.0&#8243; _module_preset=&#8221;default&#8221; global_colors_info=&#8221;{}&#8221;]<\/p>\n<p><span style=\"font-weight: 400;\">Vas a disponer de un espacio seguro y c\u00f3modo para dejar tu veh\u00edculo durante todo el d\u00eda.<br \/><\/span><\/p>\n<p>[\/et_pb_blurb][et_pb_blurb title=&#8221;Pet friendly&#8221; use_icon=&#8221;on&#8221; font_icon=&#8221;&#xf1b0;||fa||900&#8243; icon_color=&#8221;#a54f57&#8243; icon_placement=&#8221;left&#8221; image_icon_width=&#8221;25px&#8221; _builder_version=&#8221;4.18.0&#8243; _module_preset=&#8221;default&#8221; global_colors_info=&#8221;{}&#8221;]<\/p>\n<p><span style=\"font-weight: 400;\">Tu mascota es parte de tu vida y estaremos m\u00e1s que felices de recibirlos.<\/span><\/p>\n<p>[\/et_pb_blurb][\/et_pb_column][et_pb_column type=&#8221;1_2&#8243; _builder_version=&#8221;4.18.0&#8243; _module_preset=&#8221;default&#8221; global_colors_info=&#8221;{}&#8221;][et_pb_blurb title=&#8221;Wifi en toda la hoster\u00eda&#8221; use_icon=&#8221;on&#8221; font_icon=&#8221;&#xf1eb;||fa||900&#8243; icon_color=&#8221;#a54f57&#8243; icon_placement=&#8221;left&#8221; image_icon_width=&#8221;25px&#8221; _builder_version=&#8221;4.18.0&#8243; _module_preset=&#8221;default&#8221; global_colors_info=&#8221;{}&#8221;]<\/p>\n<p><span style=\"font-weight: 400;\">Servicio de internet de alta velocidad en todo el establecimiento.<\/span><\/p>\n<p><span style=\"font-weight: 400;\"><\/span><\/p>\n<p>[\/et_pb_blurb][et_pb_blurb title=&#8221;6 Habitaciones&#8221; use_icon=&#8221;on&#8221; font_icon=&#8221;&#xf236;||fa||900&#8243; icon_color=&#8221;#a54f57&#8243; icon_placement=&#8221;left&#8221; image_icon_width=&#8221;25px&#8221; _builder_version=&#8221;4.18.0&#8243; _module_preset=&#8221;default&#8221; global_colors_info=&#8221;{}&#8221;]<\/p>\n<p><span style=\"font-weight: 400;\">Opciones doble y triple. Todas climatizadas, con ba\u00f1o privado y provistas de las comodidades necesarias para asegurar un descanso reparador.<\/span><\/p>\n<p>[\/et_pb_blurb][\/et_pb_column][\/et_pb_row][\/et_pb_section][et_pb_section fb_built=&#8221;1&#8243; admin_label=&#8221;CTA&#8221; _builder_version=&#8221;4.18.0&#8243; background_image=&#8221;https:\/\/hosteriaaguascoloradas.com\/wp-content\/uploads\/2023\/11\/DJI_0539-scaled-1.webp&#8221; parallax=&#8221;on&#8221; custom_margin=&#8221;|||&#8221; custom_padding=&#8221;0px|||&#8221; hover_enabled=&#8221;0&#8243; global_colors_info=&#8221;{}&#8221; title_text=&#8221;DJI_0539-scaled&#8221; sticky_enabled=&#8221;0&#8243;][et_pb_row use_custom_gutter=&#8221;on&#8221; gutter_width=&#8221;1&#8243; custom_padding_last_edited=&#8221;on|tablet&#8221; module_class=&#8221; et_pb_row_fullwidth&#8221; _builder_version=&#8221;4.18.0&#8243; use_background_color_gradient=&#8221;on&#8221; background_color_gradient_stops=&#8221;#ffffff 0%|rgba(255,255,255,0) 22%&#8221; background_color_gradient_start=&#8221;#ffffff&#8221; background_color_gradient_end=&#8221;rgba(255,255,255,0)&#8221; background_color_gradient_end_position=&#8221;22%&#8221; width=&#8221;100%&#8221; width_tablet=&#8221;100%&#8221; width_phone=&#8221;100%&#8221; width_last_edited=&#8221;on|desktop&#8221; max_width=&#8221;100%&#8221; max_width_tablet=&#8221;100%&#8221; max_width_phone=&#8221;100%&#8221; max_width_last_edited=&#8221;on|desktop&#8221; custom_padding=&#8221;220px|0px|220px|0px&#8221; custom_padding_tablet=&#8221;0px|||&#8221; custom_padding_phone=&#8221;&#8221; hover_enabled=&#8221;0&#8243; make_fullwidth=&#8221;on&#8221; global_colors_info=&#8221;{}&#8221; sticky_enabled=&#8221;0&#8243;][et_pb_column type=&#8221;4_4&#8243; _builder_version=&#8221;4.16&#8243; custom_padding=&#8221;|||&#8221; global_colors_info=&#8221;{}&#8221; custom_padding__hover=&#8221;|||&#8221;][et_pb_text admin_label=&#8221;CTA Section Title&#8221; _builder_version=&#8221;4.18.0&#8243; text_font=&#8221;||||&#8221; text_line_height=&#8221;1em&#8221; header_font=&#8221;Oswald|on||on|&#8221; header_text_align=&#8221;center&#8221; header_text_color=&#8221;#FFFFFF&#8221; header_font_size=&#8221;60px&#8221; header_line_height=&#8221;1.3em&#8221; background_size=&#8221;initial&#8221; background_position=&#8221;top_left&#8221; background_repeat=&#8221;repeat&#8221; module_alignment=&#8221;center&#8221; custom_margin=&#8221;||60px|&#8221; custom_padding=&#8221;|||&#8221; animation_style=&#8221;slide&#8221; animation_direction=&#8221;top&#8221; animation_intensity_slide=&#8221;10%&#8221; header_text_shadow_style=&#8221;preset4&#8243; header_text_shadow_horizontal_length=&#8221;-0.05em&#8221; header_text_shadow_color=&#8221;#000000&#8243; locked=&#8221;off&#8221; global_colors_info=&#8221;{}&#8221;]<\/p>\n<h1>\u00bfQu\u00e9 esper\u00c1s? <\/h1>\n<p>[\/et_pb_text][et_pb_button button_url=&#8221;https:\/\/api.whatsapp.com\/send\/?phone=5493884975583&#038;text=Hola%2C+quiero+hacer+una+consulta&#038;type=phone_number&#038;app_absent=0&#8243; button_text=&#8221;CONTACTANOS&#8221; button_alignment=&#8221;center&#8221; module_id=&#8221;btnwa&#8221; _builder_version=&#8221;4.18.0&#8243; custom_button=&#8221;on&#8221; button_text_color=&#8221;#ffffff&#8221; button_bg_color=&#8221;#ed4441&#8243; button_border_color=&#8221;#ed4441&#8243; button_border_radius=&#8221;0px&#8221; button_letter_spacing=&#8221;4px&#8221; button_font=&#8221;Oswald|on||on|&#8221; button_icon=&#8221;&#x24;||divi||400&#8243; button_icon_color=&#8221;#1a1a1a&#8221; button_border_color_hover=&#8221;#1a1a1a&#8221; button_border_radius_hover=&#8221;0px&#8221; button_letter_spacing_hover=&#8221;4px&#8221; button_bg_color_hover=&#8221;rgba(0,0,0,0)&#8221; locked=&#8221;off&#8221; global_colors_info=&#8221;{}&#8221; button_text_size__hover_enabled=&#8221;off&#8221; button_one_text_size__hover_enabled=&#8221;off&#8221; button_two_text_size__hover_enabled=&#8221;off&#8221; button_text_color__hover_enabled=&#8221;off&#8221; button_one_text_color__hover_enabled=&#8221;off&#8221; button_two_text_color__hover_enabled=&#8221;off&#8221; button_border_width__hover_enabled=&#8221;off&#8221; button_one_border_width__hover_enabled=&#8221;off&#8221; button_two_border_width__hover_enabled=&#8221;off&#8221; button_border_color__hover_enabled=&#8221;on&#8221; button_border_color__hover=&#8221;#1a1a1a&#8221; button_one_border_color__hover_enabled=&#8221;off&#8221; button_two_border_color__hover_enabled=&#8221;off&#8221; button_border_radius__hover_enabled=&#8221;on&#8221; button_border_radius__hover=&#8221;0px&#8221; button_one_border_radius__hover_enabled=&#8221;off&#8221; button_two_border_radius__hover_enabled=&#8221;off&#8221; button_letter_spacing__hover_enabled=&#8221;on&#8221; button_letter_spacing__hover=&#8221;4px&#8221; button_one_letter_spacing__hover_enabled=&#8221;off&#8221; button_two_letter_spacing__hover_enabled=&#8221;off&#8221; button_bg_color__hover_enabled=&#8221;on&#8221; button_bg_color__hover=&#8221;rgba(0,0,0,0)&#8221; button_one_bg_color__hover_enabled=&#8221;off&#8221; button_two_bg_color__hover_enabled=&#8221;off&#8221;][\/et_pb_button][et_pb_image src=&#8221;https:\/\/hosteriaaguascoloradas.com\/wp-content\/uploads\/2022\/09\/couple2.png&#8221; show_bottom_space=&#8221;off&#8221; align=&#8221;center&#8221; align_tablet=&#8221;center&#8221; align_phone=&#8221;center&#8221; align_last_edited=&#8221;on|desktop&#8221; _builder_version=&#8221;4.16&#8243; custom_margin=&#8221;100px|||&#8221; global_colors_info=&#8221;{}&#8221;][\/et_pb_image][\/et_pb_column][\/et_pb_row][\/et_pb_section]<\/p>\n","protected":false},"excerpt":{"rendered":"<p>NUESTROS SERVICIOSEn la Hoster\u00eda vas a encontrar distintos servicios que har\u00e1n de tu experiencia en la Puna una aventura inolvidable.Coordinamos remises para tu llegada desde el aeropuerto o hacia \u00e9l, as\u00ed vos pod\u00e9s pensar solo en descansar.Servido en nuestro sal\u00f3n especialmente acondicionado y con una espectacular vista a los cerros. Pensado para que alimentes tu [&hellip;]<\/p>\n","protected":false},"author":1,"featured_media":0,"parent":0,"menu_order":0,"comment_status":"closed","ping_status":"closed","template":"","meta":{"_et_pb_use_builder":"on","_et_pb_old_content":"<!-- wp:paragraph -->\n<p>This is an example page. It's different from a blog post because it will stay in one place and will show up in your site navigation (in most themes). Most people start with an About page that introduces them to potential site visitors. It might say something like this:<\/p>\n<!-- \/wp:paragraph -->\n\n<!-- wp:quote -->\n<blockquote class=\"wp-block-quote\"><p>Hi there! I'm a bike messenger by day, aspiring actor by night, and this is my website. I live in Los Angeles, have a great dog named Jack, and I like pi\u00f1a coladas. (And gettin' caught in the rain.)<\/p><\/blockquote>\n<!-- \/wp:quote -->\n\n<!-- wp:paragraph -->\n<p>...or something like this:<\/p>\n<!-- \/wp:paragraph -->\n\n<!-- wp:quote -->\n<blockquote class=\"wp-block-quote\"><p>The XYZ Doohickey Company was founded in 1971, and has been providing quality doohickeys to the public ever since. Located in Gotham City, XYZ employs over 2,000 people and does all kinds of awesome things for the Gotham community.<\/p><\/blockquote>\n<!-- \/wp:quote -->\n\n<!-- wp:paragraph -->\n<p>As a new WordPress user, you should go to <a href=\"https:\/\/hosteriaaguascoloradas.com\/wp-admin\/\">your dashboard<\/a> to delete this page and create new pages for your content. Have fun!<\/p>\n<!-- \/wp:paragraph -->","_et_gb_content_width":"","_monsterinsights_skip_tracking":false,"_monsterinsights_sitenote_active":false,"_monsterinsights_sitenote_note":"","_monsterinsights_sitenote_category":0,"footnotes":""},"class_list":["post-2","page","type-page","status-publish","hentry"],"_links":{"self":[{"href":"https:\/\/hosteriaaguascoloradas.com\/index.php\/wp-json\/wp\/v2\/pages\/2"}],"collection":[{"href":"https:\/\/hosteriaaguascoloradas.com\/index.php\/wp-json\/wp\/v2\/pages"}],"about":[{"href":"https:\/\/hosteriaaguascoloradas.com\/index.php\/wp-json\/wp\/v2\/types\/page"}],"author":[{"embeddable":true,"href":"https:\/\/hosteriaaguascoloradas.com\/index.php\/wp-json\/wp\/v2\/users\/1"}],"replies":[{"embeddable":true,"href":"https:\/\/hosteriaaguascoloradas.com\/index.php\/wp-json\/wp\/v2\/comments?post=2"}],"version-history":[{"count":22,"href":"https:\/\/hosteriaaguascoloradas.com\/index.php\/wp-json\/wp\/v2\/pages\/2\/revisions"}],"predecessor-version":[{"id":429,"href":"https:\/\/hosteriaaguascoloradas.com\/index.php\/wp-json\/wp\/v2\/pages\/2\/revisions\/429"}],"wp:attachment":[{"href":"https:\/\/hosteriaaguascoloradas.com\/index.php\/wp-json\/wp\/v2\/media?parent=2"}],"curies":[{"name":"wp","href":"https:\/\/api.w.org\/{rel}","templated":true}]}}